{"id":1346,"date":"2022-02-28T07:40:44","date_gmt":"2022-02-28T06:40:44","guid":{"rendered":"https:\/\/terriers.sk\/?page_id=1346"},"modified":"2022-12-12T22:01:34","modified_gmt":"2022-12-12T21:01:34","slug":"disciplinarna-komisia","status":"publish","type":"page","link":"https:\/\/terriers.sk\/?page_id=1346","title":{"rendered":"Disciplin\u00e1rna komisia"},"content":{"rendered":"\t\t<div data-elementor-type=\"wp-page\" data-elementor-id=\"1346\" class=\"elementor elementor-1346\">\n\t\t\t\t\t\t<section class=\"elementor-section elementor-top-section elementor-element elementor-element-f1e7fff elementor-section-boxed elementor-section-height-default elementor-section-height-default\" data-id=\"f1e7fff\" data-element_type=\"section\" data-e-type=\"section\">\n\t\t\t\t\t\t<div class=\"elementor-container elementor-column-gap-default\">\n\t\t\t\t\t<div class=\"elementor-column elementor-col-100 elementor-top-column elementor-element elementor-element-dc4e0fd\" data-id=\"dc4e0fd\" data-element_type=\"column\" data-e-type=\"column\">\n\t\t\t<div class=\"elementor-widget-wrap elementor-element-populated\">\n\t\t\t\t\t\t<div class=\"elementor-element elementor-element-02b6e39 elementor-widget elementor-widget-wpdmcategory\" data-id=\"02b6e39\" data-element_type=\"widget\" data-e-type=\"widget\" data-widget_type=\"wpdmcategory.default\">\n\t\t\t\t<div class=\"elementor-widget-container\">\n\t\t\t\t\t<div class='w3eden'>\n    <div class=''>\n\n        \n        <div id=\"content_wpdm_package_1\">\n            <div class='row'><div class='col-lg-4 col-md-6 col-12'><!-- WPDM Link Template: Widget Template -->\n\n<div class=\"media well link-template-widget\">\n    <a class=\"mr-3 img-48\" href=\"https:\/\/terriers.sk\/?wpdmpro=zapisnica-14-4-2022-p-s\">\n        <img decoding=\"async\" class=\"wpdm_icon\" alt=\"Ikona\"   src=\"https:\/\/terriers.sk\/wp-content\/plugins\/download-manager\/assets\/file-type-icons\/pdf.png\" \/>\n    <\/a>\n    <div class=\"media-body\">\n        <a href=\"https:\/\/terriers.sk\/?wpdmpro=zapisnica-14-4-2022-p-s\" style=\"display: block;clear: bottom;font-size: 11pt;font-weight: bold;\">Z\u00e1pisnica 14.4.2022 (P.S.)<\/a>\n        <div style=\"font-size: 9pt;\">\n            <i class=\"fas fa-hdd color-green\"><\/i> 110.80 KB <i class=\"fa fa-copy ml-3\"><\/i>\n            1 file(s)\n        <\/div>\n    <\/div>\n<\/div>\n\n<\/div><div class='col-lg-4 col-md-6 col-12'><!-- WPDM Link Template: Widget Template -->\n\n<div class=\"media well link-template-widget\">\n    <a class=\"mr-3 img-48\" href=\"https:\/\/terriers.sk\/?wpdmpro=zapisnica-14-4-2022-2\">\n        <img decoding=\"async\" class=\"wpdm_icon\" alt=\"Ikona\"   src=\"https:\/\/terriers.sk\/wp-content\/plugins\/download-manager\/assets\/file-type-icons\/pdf.png\" \/>\n    <\/a>\n    <div class=\"media-body\">\n        <a href=\"https:\/\/terriers.sk\/?wpdmpro=zapisnica-14-4-2022-2\" style=\"display: block;clear: bottom;font-size: 11pt;font-weight: bold;\">Z\u00e1pisnica 14.4.2022 (\u0160.V.)<\/a>\n        <div style=\"font-size: 9pt;\">\n            <i class=\"fas fa-hdd color-green\"><\/i> 111.65 KB <i class=\"fa fa-copy ml-3\"><\/i>\n            1 file(s)\n        <\/div>\n    <\/div>\n<\/div>\n\n<\/div><\/div>                    <\/div>\n\n        <div style='clear:both'><\/div>\n    <\/div>\n<\/div>\n\t\t\t\t<\/div>\n\t\t\t\t<\/div>\n\t\t\t\t\t<\/div>\n\t\t<\/div>\n\t\t\t\t\t<\/div>\n\t\t<\/section>\n\t\t\t\t<\/div>\n\t\t","protected":false},"excerpt":{"rendered":"<p>Z\u00e1pisnica 14.4.2022 (P.S.) 110.80 KB 1 file(s) Z\u00e1pisnica 14.4.2022 (\u0160.V.) 111.65 KB 1 file(s)<\/p>\n","protected":false},"author":4,"featured_media":0,"parent":1032,"menu_order":0,"comment_status":"closed","ping_status":"closed","template":"","meta":{"ngg_post_thumbnail":0,"ocean_post_layout":"","ocean_both_sidebars_style":"","ocean_both_sidebars_content_width":0,"ocean_both_sidebars_sidebars_width":0,"ocean_sidebar":"0","ocean_second_sidebar":"0","ocean_disable_margins":"enable","ocean_add_body_class":"","ocean_shortcode_before_top_bar":"","ocean_shortcode_after_top_bar":"","ocean_shortcode_before_header":"","ocean_shortcode_after_header":"","ocean_has_shortcode":"","ocean_shortcode_after_title":"","ocean_shortcode_before_footer_widgets":"","ocean_shortcode_after_footer_widgets":"","ocean_shortcode_before_footer_bottom":"","ocean_shortcode_after_footer_bottom":"","ocean_display_top_bar":"default","ocean_display_header":"default","ocean_header_style":"","ocean_center_header_left_menu":"0","ocean_custom_header_template":"0","ocean_custom_logo":0,"ocean_custom_retina_logo":0,"ocean_custom_logo_max_width":0,"ocean_custom_logo_tablet_max_width":0,"ocean_custom_logo_mobile_max_width":0,"ocean_custom_logo_max_height":0,"ocean_custom_logo_tablet_max_height":0,"ocean_custom_logo_mobile_max_height":0,"ocean_header_custom_menu":"0","ocean_menu_typo_font_family":"0","ocean_menu_typo_font_subset":"","ocean_menu_typo_font_size":0,"ocean_menu_typo_font_size_tablet":0,"ocean_menu_typo_font_size_mobile":0,"ocean_menu_typo_font_size_unit":"px","ocean_menu_typo_font_weight":"","ocean_menu_typo_font_weight_tablet":"","ocean_menu_typo_font_weight_mobile":"","ocean_menu_typo_transform":"","ocean_menu_typo_transform_tablet":"","ocean_menu_typo_transform_mobile":"","ocean_menu_typo_line_height":0,"ocean_menu_typo_line_height_tablet":0,"ocean_menu_typo_line_height_mobile":0,"ocean_menu_typo_line_height_unit":"","ocean_menu_typo_spacing":0,"ocean_menu_typo_spacing_tablet":0,"ocean_menu_typo_spacing_mobile":0,"ocean_menu_typo_spacing_unit":"","ocean_menu_link_color":"","ocean_menu_link_color_hover":"","ocean_menu_link_color_active":"","ocean_menu_link_background":"","ocean_menu_link_hover_background":"","ocean_menu_link_active_background":"","ocean_menu_social_links_bg":"","ocean_menu_social_hover_links_bg":"","ocean_menu_social_links_color":"","ocean_menu_social_hover_links_color":"","ocean_disable_title":"default","ocean_disable_heading":"default","ocean_post_title":"","ocean_post_subheading":"","ocean_post_title_style":"","ocean_post_title_background_color":"","ocean_post_title_background":0,"ocean_post_title_bg_image_position":"","ocean_post_title_bg_image_attachment":"","ocean_post_title_bg_image_repeat":"","ocean_post_title_bg_image_size":"","ocean_post_title_height":0,"ocean_post_title_bg_overlay":0.5,"ocean_post_title_bg_overlay_color":"","ocean_disable_breadcrumbs":"default","ocean_breadcrumbs_color":"","ocean_breadcrumbs_separator_color":"","ocean_breadcrumbs_links_color":"","ocean_breadcrumbs_links_hover_color":"","ocean_display_footer_widgets":"default","ocean_display_footer_bottom":"default","ocean_custom_footer_template":"0","footnotes":""},"class_list":["post-1346","page","type-page","status-publish","hentry","entry"],"_links":{"self":[{"href":"https:\/\/terriers.sk\/index.php?rest_route=\/wp\/v2\/pages\/1346","targetHints":{"allow":["GET"]}}],"collection":[{"href":"https:\/\/terriers.sk\/index.php?rest_route=\/wp\/v2\/pages"}],"about":[{"href":"https:\/\/terriers.sk\/index.php?rest_route=\/wp\/v2\/types\/page"}],"author":[{"embeddable":true,"href":"https:\/\/terriers.sk\/index.php?rest_route=\/wp\/v2\/users\/4"}],"replies":[{"embeddable":true,"href":"https:\/\/terriers.sk\/index.php?rest_route=%2Fwp%2Fv2%2Fcomments&post=1346"}],"version-history":[{"count":4,"href":"https:\/\/terriers.sk\/index.php?rest_route=\/wp\/v2\/pages\/1346\/revisions"}],"predecessor-version":[{"id":23655,"href":"https:\/\/terriers.sk\/index.php?rest_route=\/wp\/v2\/pages\/1346\/revisions\/23655"}],"up":[{"embeddable":true,"href":"https:\/\/terriers.sk\/index.php?rest_route=\/wp\/v2\/pages\/1032"}],"wp:attachment":[{"href":"https:\/\/terriers.sk\/index.php?rest_route=%2Fwp%2Fv2%2Fmedia&parent=1346"}],"curies":[{"name":"wp","href":"https:\/\/api.w.org\/{rel}","templated":true}]}}